{"id":6327,"date":"2024-05-29T15:36:16","date_gmt":"2024-05-29T13:36:16","guid":{"rendered":"https:\/\/formations.sofnna.eu\/?page_id=6327"},"modified":"2024-08-08T20:23:54","modified_gmt":"2024-08-08T18:23:54","slug":"presentation","status":"publish","type":"page","link":"https:\/\/formations.sofnna.eu\/?page_id=6327","title":{"rendered":"Pr\u00e9sentation"},"content":{"rendered":"\t\t<div data-elementor-type=\"wp-page\" data-elementor-id=\"6327\" class=\"elementor elementor-6327\" data-elementor-post-type=\"page\">\n\t\t\t\t\t\t\t\t\t<section class=\"elementor-section elementor-top-section elementor-element elementor-element-67d0bada elementor-section-boxed elementor-section-height-default elementor-section-height-default\" data-id=\"67d0bada\" data-element_type=\"section\" data-settings=\"{&quot;background_background&quot;:&quot;classic&quot;}\">\n\t\t\t\t\t\t\t<div class=\"elementor-background-overlay\"><\/div>\n\t\t\t\t\t\t\t<div class=\"elementor-container elementor-column-gap-default\">\n\t\t\t\t\t<div class=\"elementor-column elementor-col-50 elementor-top-column elementor-element elementor-element-5db46f48\" data-id=\"5db46f48\" data-element_type=\"column\">\n\t\t\t<div class=\"elementor-widget-wrap elementor-element-populated\">\n\t\t\t\t\t\t\t\t<section class=\"elementor-section elementor-inner-section elementor-element elementor-element-15301091 elementor-section-boxed elementor-section-height-default elementor-section-height-default\" data-id=\"15301091\" data-element_type=\"section\">\n\t\t\t\t\t\t<div class=\"elementor-container elementor-column-gap-no\">\n\t\t\t\t\t<div class=\"elementor-column elementor-col-100 elementor-inner-column elementor-element elementor-element-1c571db5\" data-id=\"1c571db5\" data-element_type=\"column\">\n\t\t\t<div class=\"elementor-widget-wrap elementor-element-populated\">\n\t\t\t\t\t\t\t\t<div class=\"elementor-element elementor-element-2e96ba4d elementor-widget elementor-widget-elementskit-heading\" data-id=\"2e96ba4d\" data-element_type=\"widget\" data-widget_type=\"elementskit-heading.default\">\n\t\t\t\t<div class=\"elementor-widget-container\">\n\t\t\t<div class=\"ekit-wid-con\" ><div class=\"ekit-heading elementskit-section-title-wraper text_left   ekit_heading_tablet-   ekit_heading_mobile-\"><h1 class=\"ekit-heading--title elementskit-section-title \">Qui sommes-nous?<\/h1><\/div><\/div>\t\t<\/div>\n\t\t\t\t<\/div>\n\t\t\t\t\t<\/div>\n\t\t<\/div>\n\t\t\t\t\t\t\t<\/div>\n\t\t<\/section>\n\t\t\t\t\t<\/div>\n\t\t<\/div>\n\t\t\t\t<div class=\"elementor-column elementor-col-50 elementor-top-column elementor-element elementor-element-2024a4d7 elementor-hidden-tablet elementor-hidden-mobile\" data-id=\"2024a4d7\" data-element_type=\"column\">\n\t\t\t<div class=\"elementor-widget-wrap\">\n\t\t\t\t\t\t\t\t\t<\/div>\n\t\t<\/div>\n\t\t\t\t\t\t\t<\/div>\n\t\t<\/section>\n\t\t\t\t<section class=\"elementor-section elementor-top-section elementor-element elementor-element-689f927e elementor-section-boxed elementor-section-height-default elementor-section-height-default\" data-id=\"689f927e\" data-element_type=\"section\">\n\t\t\t\t\t\t<div class=\"elementor-container elementor-column-gap-default\">\n\t\t\t\t\t<div class=\"elementor-column elementor-col-50 elementor-top-column elementor-element elementor-element-519d6de6\" data-id=\"519d6de6\" data-element_type=\"column\" data-settings=\"{&quot;background_background&quot;:&quot;classic&quot;}\">\n\t\t\t<div class=\"elementor-widget-wrap elementor-element-populated\">\n\t\t\t\t\t\t\t\t<div class=\"elementor-element elementor-element-40781084 elementor-widget elementor-widget-spacer\" data-id=\"40781084\" data-element_type=\"widget\" data-widget_type=\"spacer.default\">\n\t\t\t\t<div class=\"elementor-widget-container\">\n\t\t\t\t\t<div class=\"elementor-spacer\">\n\t\t\t<div class=\"elementor-spacer-inner\"><\/div>\n\t\t<\/div>\n\t\t\t\t<\/div>\n\t\t\t\t<\/div>\n\t\t\t\t\t<\/div>\n\t\t<\/div>\n\t\t\t\t<div class=\"elementor-column elementor-col-50 elementor-top-column elementor-element elementor-element-57c2449\" data-id=\"57c2449\" data-element_type=\"column\">\n\t\t\t<div class=\"elementor-widget-wrap elementor-element-populated\">\n\t\t\t\t\t\t\t\t<div class=\"elementor-element elementor-element-53691be9 elementor-invisible elementor-widget elementor-widget-heading\" data-id=\"53691be9\" data-element_type=\"widget\" data-settings=\"{&quot;_animation&quot;:&quot;fadeInUp&quot;}\" data-widget_type=\"heading.default\">\n\t\t\t\t<div class=\"elementor-widget-container\">\n\t\t\t<h2 class=\"elementor-heading-title elementor-size-default\">Qui sommes-nous?<\/h2>\t\t<\/div>\n\t\t\t\t<\/div>\n\t\t\t\t<div class=\"elementor-element elementor-element-5285b735 elementor-widget__width-initial elementor-absolute elementor-hidden-tablet elementor-hidden-mobile elementor-widget elementor-widget-image\" data-id=\"5285b735\" data-element_type=\"widget\" data-settings=\"{&quot;_position&quot;:&quot;absolute&quot;}\" data-widget_type=\"image.default\">\n\t\t\t\t<div class=\"elementor-widget-container\">\n\t\t\t\t\t\t\t\t\t\t\t\t\t\t\t<img decoding=\"async\" src=\"http:\/\/formations.sofnna.eu\/wp-content\/uploads\/2023\/11\/Group-1.png\" title=\"\" alt=\"\" loading=\"lazy\" \/>\t\t\t\t\t\t\t\t\t\t\t\t\t\t\t<\/div>\n\t\t\t\t<\/div>\n\t\t\t\t<div class=\"elementor-element elementor-element-6d824717 elementor-invisible elementor-widget elementor-widget-heading\" data-id=\"6d824717\" data-element_type=\"widget\" data-settings=\"{&quot;_animation&quot;:&quot;fadeInUp&quot;}\" data-widget_type=\"heading.default\">\n\t\t\t\t<div class=\"elementor-widget-container\">\n\t\t\t<h3 class=\"elementor-heading-title elementor-size-default\">SOFNNA Formations est un d\u00e9partement de la Soci\u00e9t\u00e9 Francophone de Nutrith\u00e9rapie et de Nutrig\u00e9n\u00e9tique Appliqu\u00e9e (SOFNNA)<\/h3>\t\t<\/div>\n\t\t\t\t<\/div>\n\t\t\t\t<div class=\"elementor-element elementor-element-216a79b9 elementor-widget elementor-widget-text-editor\" data-id=\"216a79b9\" data-element_type=\"widget\" data-widget_type=\"text-editor.default\">\n\t\t\t\t<div class=\"elementor-widget-container\">\n\t\t\t\t\t\t\t<p>D\u00e9di\u00e9 \u00e0 la formation des professionnels de la sant\u00e9 dans le domaine de la micronutrition et des compl\u00e9ments alimentaires. Notre mission est de fournir des programmes de formation de haute qualit\u00e9, bas\u00e9s sur des preuves scientifiques et cliniques, pour permettre aux professionnels de la sant\u00e9 de ma\u00eetriser les sciences de la micronutrition et de l&#8217;utilisation des compl\u00e9ments alimentaires.<\/p>\t\t\t\t\t\t<\/div>\n\t\t\t\t<\/div>\n\t\t\t\t<div class=\"elementor-element elementor-element-3e17b31 elementor-widget elementor-widget-heading\" data-id=\"3e17b31\" data-element_type=\"widget\" data-widget_type=\"heading.default\">\n\t\t\t\t<div class=\"elementor-widget-container\">\n\t\t\t<h2 class=\"elementor-heading-title elementor-size-default\">Nos missions<\/h2>\t\t<\/div>\n\t\t\t\t<\/div>\n\t\t\t\t<div class=\"elementor-element elementor-element-be08ece elementor-widget elementor-widget-text-editor\" data-id=\"be08ece\" data-element_type=\"widget\" data-widget_type=\"text-editor.default\">\n\t\t\t\t<div class=\"elementor-widget-container\">\n\t\t\t\t\t\t\t<p>Former les professionnels de la sant\u00e9 aux sciences de la micronutrition et du compl\u00e9ment alimentaire.<\/p>\t\t\t\t\t\t<\/div>\n\t\t\t\t<\/div>\n\t\t\t\t<div class=\"elementor-element elementor-element-ce4fcc1 elementor-widget elementor-widget-text-editor\" data-id=\"ce4fcc1\" data-element_type=\"widget\" data-widget_type=\"text-editor.default\">\n\t\t\t\t<div class=\"elementor-widget-container\">\n\t\t\t\t\t\t\t<p>Former les m\u00e9decins prescripteurs \u00e0 la micronutrition et aux compl\u00e9ments alimentaires.<\/p>\t\t\t\t\t\t<\/div>\n\t\t\t\t<\/div>\n\t\t\t\t<div class=\"elementor-element elementor-element-38c410b elementor-widget elementor-widget-text-editor\" data-id=\"38c410b\" data-element_type=\"widget\" data-widget_type=\"text-editor.default\">\n\t\t\t\t<div class=\"elementor-widget-container\">\n\t\t\t\t\t\t\t<p>Permettre aux professionnels de la sant\u00e9 de s&#8217;approprier le domaine de la micronutrition et d&#8217;utiliser les compl\u00e9ments alimentaires dans une approche scientifique bas\u00e9e sur les preuves scientifiques et cliniques.<\/p>\t\t\t\t\t\t<\/div>\n\t\t\t\t<\/div>\n\t\t\t\t<div class=\"elementor-element elementor-element-4deccfb elementor-widget elementor-widget-text-editor\" data-id=\"4deccfb\" data-element_type=\"widget\" data-widget_type=\"text-editor.default\">\n\t\t\t\t<div class=\"elementor-widget-container\">\n\t\t\t\t\t\t\t<p>Cr\u00e9er et promouvoir le m\u00e9tier de Conseiller en Micronutrition et Compl\u00e9mentation Alimentaire.<\/p>\t\t\t\t\t\t<\/div>\n\t\t\t\t<\/div>\n\t\t\t\t<div class=\"elementor-element elementor-element-adcf6ff elementor-widget elementor-widget-text-editor\" data-id=\"adcf6ff\" data-element_type=\"widget\" data-widget_type=\"text-editor.default\">\n\t\t\t\t<div class=\"elementor-widget-container\">\n\t\t\t\t\t\t\t<p>R\u00e9guler le domaine de la formation dans les sciences de la micronutrition et de la compl\u00e9mentation alimentaire.<\/p>\t\t\t\t\t\t<\/div>\n\t\t\t\t<\/div>\n\t\t\t\t<div class=\"elementor-element elementor-element-cae15a7 elementor-widget elementor-widget-text-editor\" data-id=\"cae15a7\" data-element_type=\"widget\" data-widget_type=\"text-editor.default\">\n\t\t\t\t<div class=\"elementor-widget-container\">\n\t\t\t\t\t\t\t<p>Nos programmes de formation sont con\u00e7us pour r\u00e9pondre aux besoins sp\u00e9cifiques des professionnels de la sant\u00e9, en leur offrant les comp\u00e9tences et les connaissances n\u00e9cessaires pour int\u00e9grer la micronutrition et les compl\u00e9ments alimentaires dans leur pratique quotidienne.<\/p>\t\t\t\t\t\t<\/div>\n\t\t\t\t<\/div>\n\t\t\t\t\t<\/div>\n\t\t<\/div>\n\t\t\t\t\t\t\t<\/div>\n\t\t<\/section>\n\t\t\t\t\t\t\t<\/div>\n\t\t","protected":false},"excerpt":{"rendered":"<p>Qui sommes-nous? Qui sommes-nous? SOFNNA Formations est un d\u00e9partement de la Soci\u00e9t\u00e9 Francophone de Nutrith\u00e9rapie et de Nutrig\u00e9n\u00e9tique Appliqu\u00e9e (SOFNNA) D\u00e9di\u00e9 \u00e0 la formation des professionnels de la sant\u00e9 dans le domaine de la micronutrition et des compl\u00e9ments alimentaires. Notre mission est de fournir des programmes de formation de haute qualit\u00e9, bas\u00e9s sur des preuves [&hellip;]<\/p>\n","protected":false},"author":2,"featured_media":0,"parent":0,"menu_order":0,"comment_status":"closed","ping_status":"closed","template":"elementor_header_footer","meta":{"footnotes":""},"_links":{"self":[{"href":"https:\/\/formations.sofnna.eu\/index.php?rest_route=\/wp\/v2\/pages\/6327"}],"collection":[{"href":"https:\/\/formations.sofnna.eu\/index.php?rest_route=\/wp\/v2\/pages"}],"about":[{"href":"https:\/\/formations.sofnna.eu\/index.php?rest_route=\/wp\/v2\/types\/page"}],"author":[{"embeddable":true,"href":"https:\/\/formations.sofnna.eu\/index.php?rest_route=\/wp\/v2\/users\/2"}],"replies":[{"embeddable":true,"href":"https:\/\/formations.sofnna.eu\/index.php?rest_route=%2Fwp%2Fv2%2Fcomments&post=6327"}],"version-history":[{"count":26,"href":"https:\/\/formations.sofnna.eu\/index.php?rest_route=\/wp\/v2\/pages\/6327\/revisions"}],"predecessor-version":[{"id":31361,"href":"https:\/\/formations.sofnna.eu\/index.php?rest_route=\/wp\/v2\/pages\/6327\/revisions\/31361"}],"wp:attachment":[{"href":"https:\/\/formations.sofnna.eu\/index.php?rest_route=%2Fwp%2Fv2%2Fmedia&parent=6327"}],"curies":[{"name":"wp","href":"https:\/\/api.w.org\/{rel}","templated":true}]}}